{"id":514,"date":"2015-07-06T11:32:05","date_gmt":"2015-07-06T11:32:05","guid":{"rendered":"http:\/\/kursatbozkurt.com\/iletisim\/"},"modified":"2019-01-11T21:04:51","modified_gmt":"2019-01-11T19:04:51","slug":"contact","status":"publish","type":"page","link":"https:\/\/kursatbozkurt.com\/en\/contact\/","title":{"rendered":"Contact"},"content":{"rendered":"<table style=\"border: none;\">\r\n<tbody style=\"border: none;\">\r\n<tr>\r\n<td style=\"border: none;\">\u00a0<iframe loading=\"lazy\" style=\"border: 0;\" src=\"https:\/\/www.google.com\/maps\/embed?pb=!1m18!1m12!1m3!1d3008.6320442267147!2d28.996550315054805!3d41.05517502448716!2m3!1f0!2f0!3f0!3m2!1i1024!2i768!4f13.1!3m3!1m2!1s0x14cab7078e189d6b%3A0xbf83866f0c97f10b!2sVaris+ve+Damar+Hastal%C4%B1klar%C4%B1+Merkezi+-+Prof.+Dr.+K%C3%BCr%C5%9Fat+Bozkurt!5e0!3m2!1sen!2str!4v1547233118051\" width=\"600\" height=\"450\" frameborder=\"0\" allowfullscreen=\"allowfullscreen\"><\/iframe><\/td>\r\n<td style=\"vertical-align: top; padding-left: 10px;border: none;\">\r\n<p><strong>ADDRESS<\/strong><br \/>Fulya Mah. Hakk\u0131 Yeten Cad. Terrace Fulya Center 2,<br \/>No: 13 Kat: 5\/10 \u015ei\u015fli \/ \u0130stanbul <br \/><br \/><strong>PHONE<\/strong><br \/><a href=\"tel:+90 212 215 53 43\">+90 212 215 53 43<\/a> <br \/><br \/><strong>EMAIL<\/strong><br \/>info@kursatbozkurt.com<\/p>\r\n<\/td>\r\n<\/tr>\r\n<\/tbody>\r\n<\/table>","protected":false},"excerpt":{"rendered":"<p>\u00a0 ADDRESSFulya Mah. Hakk\u0131 Yeten Cad. Terrace Fulya Center 2,No: 13 Kat: 5\/10 \u015ei\u015fli \/ \u0130stanbul PHONE+90 212 215 53 43 EMAILinfo@kursatbozkurt.com<\/p>\n","protected":false},"author":1,"featured_media":0,"parent":0,"menu_order":0,"comment_status":"closed","ping_status":"closed","template":"","meta":{"footnotes":""},"class_list":["post-514","page","type-page","status-publish","czr-hentry"],"yoast_head":"<!-- This site is optimized with the Yoast SEO plugin v27.3 - https:\/\/yoast.com\/product\/yoast-seo-wordpress\/ -->\n<title>Contact - Prof. Dr. A. K\u00fcr\u015fat Bozkurt<\/title>\n<meta name=\"robots\" content=\"index, follow, max-snippet:-1, max-image-preview:large, max-video-preview:-1\" \/>\n<link rel=\"canonical\" href=\"https:\/\/kursatbozkurt.com\/en\/contact\/\" \/>\n<meta property=\"og:locale\" content=\"en_US\" \/>\n<meta property=\"og:type\" content=\"article\" \/>\n<meta property=\"og:title\" content=\"Contact - Prof. Dr. A. K\u00fcr\u015fat Bozkurt\" \/>\n<meta property=\"og:description\" content=\"\u00a0 ADDRESSFulya Mah. Hakk\u0131 Yeten Cad. Terrace Fulya Center 2,No: 13 Kat: 5\/10 \u015ei\u015fli \/ \u0130stanbul PHONE+90 212 215 53 43 EMAILinfo@kursatbozkurt.com\" \/>\n<meta property=\"og:url\" content=\"https:\/\/kursatbozkurt.com\/en\/contact\/\" \/>\n<meta property=\"og:site_name\" content=\"Prof. Dr. A. K\u00fcr\u015fat Bozkurt\" \/>\n<meta property=\"article:modified_time\" content=\"2019-01-11T19:04:51+00:00\" \/>\n<meta name=\"twitter:card\" content=\"summary_large_image\" \/>\n<script type=\"application\/ld+json\" class=\"yoast-schema-graph\">{\"@context\":\"https:\\\/\\\/schema.org\",\"@graph\":[{\"@type\":\"WebPage\",\"@id\":\"https:\\\/\\\/kursatbozkurt.com\\\/en\\\/contact\\\/\",\"url\":\"https:\\\/\\\/kursatbozkurt.com\\\/en\\\/contact\\\/\",\"name\":\"Contact - Prof. Dr. A. K\u00fcr\u015fat Bozkurt\",\"isPartOf\":{\"@id\":\"https:\\\/\\\/kursatbozkurt.com\\\/#website\"},\"datePublished\":\"2015-07-06T11:32:05+00:00\",\"dateModified\":\"2019-01-11T19:04:51+00:00\",\"breadcrumb\":{\"@id\":\"https:\\\/\\\/kursatbozkurt.com\\\/en\\\/contact\\\/#breadcrumb\"},\"inLanguage\":\"en-US\",\"potentialAction\":[{\"@type\":\"ReadAction\",\"target\":[\"https:\\\/\\\/kursatbozkurt.com\\\/en\\\/contact\\\/\"]}]},{\"@type\":\"BreadcrumbList\",\"@id\":\"https:\\\/\\\/kursatbozkurt.com\\\/en\\\/contact\\\/#breadcrumb\",\"itemListElement\":[{\"@type\":\"ListItem\",\"position\":1,\"name\":\"Ana sayfa\",\"item\":\"https:\\\/\\\/kursatbozkurt.com\\\/en\\\/\"},{\"@type\":\"ListItem\",\"position\":2,\"name\":\"Contact\"}]},{\"@type\":\"WebSite\",\"@id\":\"https:\\\/\\\/kursatbozkurt.com\\\/#website\",\"url\":\"https:\\\/\\\/kursatbozkurt.com\\\/\",\"name\":\"Prof. Dr. A. K\u00fcr\u015fat Bozkurt\",\"description\":\"Cardiovascular Surgery\",\"publisher\":{\"@id\":\"https:\\\/\\\/kursatbozkurt.com\\\/#organization\"},\"potentialAction\":[{\"@type\":\"SearchAction\",\"target\":{\"@type\":\"EntryPoint\",\"urlTemplate\":\"https:\\\/\\\/kursatbozkurt.com\\\/?s={search_term_string}\"},\"query-input\":{\"@type\":\"PropertyValueSpecification\",\"valueRequired\":true,\"valueName\":\"search_term_string\"}}],\"inLanguage\":\"en-US\"},{\"@type\":\"Organization\",\"@id\":\"https:\\\/\\\/kursatbozkurt.com\\\/#organization\",\"name\":\"Prof. Dr. K\u00fcr\u015fat Bozkurt Varis Tedavisi, Varis ve Damar Hastal\u0131klar\u0131 Merkezi\",\"url\":\"https:\\\/\\\/kursatbozkurt.com\\\/\",\"logo\":{\"@type\":\"ImageObject\",\"inLanguage\":\"en-US\",\"@id\":\"https:\\\/\\\/kursatbozkurt.com\\\/#\\\/schema\\\/logo\\\/image\\\/\",\"url\":\"https:\\\/\\\/kursatbozkurt.com\\\/wp-content\\\/uploads\\\/2019\\\/01\\\/KursatBozkurt-Logo-1.png\",\"contentUrl\":\"https:\\\/\\\/kursatbozkurt.com\\\/wp-content\\\/uploads\\\/2019\\\/01\\\/KursatBozkurt-Logo-1.png\",\"width\":512,\"height\":42,\"caption\":\"Prof. Dr. K\u00fcr\u015fat Bozkurt Varis Tedavisi, Varis ve Damar Hastal\u0131klar\u0131 Merkezi\"},\"image\":{\"@id\":\"https:\\\/\\\/kursatbozkurt.com\\\/#\\\/schema\\\/logo\\\/image\\\/\"},\"sameAs\":[\"https:\\\/\\\/www.youtube.com\\\/channel\\\/UCYwF3M46qOUIRj2W2X-6DCA\"]}]}<\/script>\n<!-- \/ Yoast SEO plugin. -->","yoast_head_json":{"title":"Contact - Prof. Dr. A. K\u00fcr\u015fat Bozkurt","robots":{"index":"index","follow":"follow","max-snippet":"max-snippet:-1","max-image-preview":"max-image-preview:large","max-video-preview":"max-video-preview:-1"},"canonical":"https:\/\/kursatbozkurt.com\/en\/contact\/","og_locale":"en_US","og_type":"article","og_title":"Contact - Prof. Dr. A. K\u00fcr\u015fat Bozkurt","og_description":"\u00a0 ADDRESSFulya Mah. Hakk\u0131 Yeten Cad. Terrace Fulya Center 2,No: 13 Kat: 5\/10 \u015ei\u015fli \/ \u0130stanbul PHONE+90 212 215 53 43 EMAILinfo@kursatbozkurt.com","og_url":"https:\/\/kursatbozkurt.com\/en\/contact\/","og_site_name":"Prof. Dr. A. K\u00fcr\u015fat Bozkurt","article_modified_time":"2019-01-11T19:04:51+00:00","twitter_card":"summary_large_image","schema":{"@context":"https:\/\/schema.org","@graph":[{"@type":"WebPage","@id":"https:\/\/kursatbozkurt.com\/en\/contact\/","url":"https:\/\/kursatbozkurt.com\/en\/contact\/","name":"Contact - Prof. Dr. A. K\u00fcr\u015fat Bozkurt","isPartOf":{"@id":"https:\/\/kursatbozkurt.com\/#website"},"datePublished":"2015-07-06T11:32:05+00:00","dateModified":"2019-01-11T19:04:51+00:00","breadcrumb":{"@id":"https:\/\/kursatbozkurt.com\/en\/contact\/#breadcrumb"},"inLanguage":"en-US","potentialAction":[{"@type":"ReadAction","target":["https:\/\/kursatbozkurt.com\/en\/contact\/"]}]},{"@type":"BreadcrumbList","@id":"https:\/\/kursatbozkurt.com\/en\/contact\/#breadcrumb","itemListElement":[{"@type":"ListItem","position":1,"name":"Ana sayfa","item":"https:\/\/kursatbozkurt.com\/en\/"},{"@type":"ListItem","position":2,"name":"Contact"}]},{"@type":"WebSite","@id":"https:\/\/kursatbozkurt.com\/#website","url":"https:\/\/kursatbozkurt.com\/","name":"Prof. Dr. A. K\u00fcr\u015fat Bozkurt","description":"Cardiovascular Surgery","publisher":{"@id":"https:\/\/kursatbozkurt.com\/#organization"},"potentialAction":[{"@type":"SearchAction","target":{"@type":"EntryPoint","urlTemplate":"https:\/\/kursatbozkurt.com\/?s={search_term_string}"},"query-input":{"@type":"PropertyValueSpecification","valueRequired":true,"valueName":"search_term_string"}}],"inLanguage":"en-US"},{"@type":"Organization","@id":"https:\/\/kursatbozkurt.com\/#organization","name":"Prof. Dr. K\u00fcr\u015fat Bozkurt Varis Tedavisi, Varis ve Damar Hastal\u0131klar\u0131 Merkezi","url":"https:\/\/kursatbozkurt.com\/","logo":{"@type":"ImageObject","inLanguage":"en-US","@id":"https:\/\/kursatbozkurt.com\/#\/schema\/logo\/image\/","url":"https:\/\/kursatbozkurt.com\/wp-content\/uploads\/2019\/01\/KursatBozkurt-Logo-1.png","contentUrl":"https:\/\/kursatbozkurt.com\/wp-content\/uploads\/2019\/01\/KursatBozkurt-Logo-1.png","width":512,"height":42,"caption":"Prof. Dr. K\u00fcr\u015fat Bozkurt Varis Tedavisi, Varis ve Damar Hastal\u0131klar\u0131 Merkezi"},"image":{"@id":"https:\/\/kursatbozkurt.com\/#\/schema\/logo\/image\/"},"sameAs":["https:\/\/www.youtube.com\/channel\/UCYwF3M46qOUIRj2W2X-6DCA"]}]}},"_links":{"self":[{"href":"https:\/\/kursatbozkurt.com\/en\/wp-json\/wp\/v2\/pages\/514","targetHints":{"allow":["GET"]}}],"collection":[{"href":"https:\/\/kursatbozkurt.com\/en\/wp-json\/wp\/v2\/pages"}],"about":[{"href":"https:\/\/kursatbozkurt.com\/en\/wp-json\/wp\/v2\/types\/page"}],"author":[{"embeddable":true,"href":"https:\/\/kursatbozkurt.com\/en\/wp-json\/wp\/v2\/users\/1"}],"replies":[{"embeddable":true,"href":"https:\/\/kursatbozkurt.com\/en\/wp-json\/wp\/v2\/comments?post=514"}],"version-history":[{"count":10,"href":"https:\/\/kursatbozkurt.com\/en\/wp-json\/wp\/v2\/pages\/514\/revisions"}],"predecessor-version":[{"id":525,"href":"https:\/\/kursatbozkurt.com\/en\/wp-json\/wp\/v2\/pages\/514\/revisions\/525"}],"wp:attachment":[{"href":"https:\/\/kursatbozkurt.com\/en\/wp-json\/wp\/v2\/media?parent=514"}],"curies":[{"name":"wp","href":"https:\/\/api.w.org\/{rel}","templated":true}]}}