{"id":504,"date":"2019-01-10T18:12:42","date_gmt":"2019-01-10T16:12:42","guid":{"rendered":"http:\/\/kursatbozkurt.com\/ulusal-kitap-yazarligi\/"},"modified":"2019-01-11T20:20:23","modified_gmt":"2019-01-11T18:20:23","slug":"national-book-publications","status":"publish","type":"page","link":"https:\/\/kursatbozkurt.com\/en\/national-book-publications\/","title":{"rendered":"National Book Publications"},"content":{"rendered":"<p><b>Mediasten T\u00fcm\u00f6rleri<\/b><br \/>\nG\u00f6\u011f\u00fcs Kalp ve Damar Cerrahisi Ders Kitab\u0131, Prof. Dr. G\u00fcven Erdo\u011f, Op. Dr. A. K\u00fcrsat BOZKURT<br \/>\nCerrahpa\u015fa T\u0131p Fak\u00fcltesi Yay\u0131nevi, 1996, sayfa 58-64.<\/p>\n<p><b>Atrial Septal Defektler<\/b><br \/>\nG\u00f6\u011f\u00fcs Kalp ve Damar Cerrahisi Ders Kitab\u0131, Prof. Dr Ayla G\u00fcrel Say\u0131n, Op. Dr. A. K\u00fcr\u015fat BOZKURT<br \/>\nCerrahpa\u015fa T\u0131p Fak\u00fcltesi Yay\u0131nevi, 1996, sayfa 77-80.<\/p>\n<p><b>Endokardiyal Yast\u0131k Defektleri<\/b><br \/>\nG\u00f6\u011f\u00fcs Kalp ve Damar Cerrahisi Ders Kitab\u0131, Prof. Dr Ayla G\u00fcrel Say\u0131n, Op. Dr. A. K\u00fcr\u015fat BOZKURT<br \/>\nCerrahpa\u015fa T\u0131p Fak\u00fcltesi Yay\u0131nevi, 1996, sayfa 81-83.<\/p>\n<p><b>Ventrik\u00fcler Septal Defektler<\/b><br \/>\nG\u00f6\u011f\u00fcs Kalp ve Damar Cerrahisi Ders Kitab\u0131, Prof. Dr Ayla G\u00fcrel Say\u0131n, Op. Dr. A. K\u00fcr\u015fat BOZKURT<br \/>\nCerrahpa\u015fa T\u0131p Fak\u00fcltesi Yay\u0131nevi, 1996, sayfa 84-86<\/p>\n<p><b>Kalp T\u00fcm\u00f6rleri<\/b><br \/>\nG\u00f6\u011f\u00fcs Kalp ve Damar Cerrahisi Ders Kitab\u0131, Prof. Dr. G\u00fcven Erdo\u011f, Op. Dr. A. K\u00fcrsat BOZKURT<br \/>\nCerrahpa\u015fa T\u0131p Fak\u00fcltesi Yay\u0131nevi, 1996, sayfa 220-221.<\/p>\n<p><b>Arter Yaralanmalar\u0131<\/b><br \/>\nG\u00f6\u011f\u00fcs Kalp ve Damar Cerrahisi Ders Kitab\u0131, Prof. Dr. G\u00fcven Erdo\u011f, Op. Dr. A. K\u00fcrsat BOZKURT<br \/>\nCerrahpa\u015fa T\u0131p Fak\u00fcltesi Yay\u0131nevi, 1996, sayfa 269-272.<\/p>\n<p><b>Ven\u00f6z Tromboembolism, Varisler<\/b><br \/>\nG\u00f6\u011f\u00fcs Kalp ve Damar Cerrahisi Ders Kitab\u0131, Prof. Dr. G\u00fcven Erdo\u011f, Op. Dr. A. K\u00fcrsat BOZKURT<br \/>\nCerrahpa\u015fa T\u0131p Fak\u00fcltesi Yay\u0131nevi, 1996, sayfa 266-268.<\/p>\n<p><b>Medulla Spinalis Yaralanmalar\u0131na E\u015flik Eden G\u00f6\u011f\u00fcs Travmalar\u0131<\/b><br \/>\nMedulla Spinalis Yaralanmalar\u0131, A. K\u00fcr\u015fat Bozkurt, Ed: Murat Hanc\u0131, \u00d6nder Ayd\u0131ng\u00f6z<br \/>\nLogos Yay\u0131nc\u0131l\u0131k, \u0130stanbul, 77-78<\/p>\n<p><b>Ven\u00f6z Sistem Hastal\u0131klar\u0131<\/b><br \/>\nGenel Cerrahi, A. K\u00fcr\u015fat Bozkurt, Ed: \u00dcnal De\u011ferli, Yavuz Bozfakio\u011flu<br \/>\nNobel T\u0131p Kitapevleri, \u0130stanbul, 7. bask\u0131, 264-271<\/p>\n<p><b>Periferik Vaskuler Hastal\u0131klarda Statinlerin Yeri<\/b><br \/>\nStatinler ve \u00d6tesi, A. K\u00fcr\u015fat Bozkurt, Ed: Hakan Karpuz<br \/>\nSimge Yay\u0131nc\u0131l\u0131k, \u0130stanbul, 1. bask\u0131, 51-62, 2004<\/p>\n<p><b>Kronik Obstr\u00fcktif Akci\u011fer Hastal\u0131\u011f\u0131nda Cerrahi Tedavi<\/b><br \/>\nKronik obstr\u00fcktif akci\u011fer hastal\u0131\u011f\u0131 (KOAH), A. K\u00fcr\u015fat Bozkurt, Ezel Er\u015fen. Ed: Prof. Dr. Sema Umut<br \/>\n\u0130.\u00dc Cerrahpa\u015fa T\u0131p Fak\u00fcltesi G\u00f6\u011f\u00fcs Hastal\u0131klar\u0131 ABD Kitap Dizisi-4, \u0130stanbul, \u015eubat 2005, 281-287<\/p>\n<p><b>Ven\u00f6z Sistem Hastal\u0131klar\u0131.<\/b><br \/>\nGenel Cerrahi, A. K\u00fcr\u015fat Bozkurt, Ed: \u00dcnal De\u011ferli, Ye\u015fim Erbil<br \/>\nNobel T\u0131p Kitapevleri, \u0130stanbul, 8. bask\u0131, 2006, 305-312<\/p>\n<p><b>Pn\u00f6motoraks<\/b><br \/>\nPlevra Hastal\u0131klar\u0131, A. K\u00fcr\u015fat Bozkurt, Ezel Er\u015fen, Ed: Prof. Dr. Birsen Mutlu<br \/>\n\u0130.\u00dc Cerrahp\u015fa T\u0131p Fak\u00fcltesi G\u00f6\u011f\u00fcs Hastal\u0131klar\u0131 ABD Kitap Dizisi-6, \u0130stanbul, 2006, 145-152<\/p>\n<p><b>Hemotoraks<\/b><br \/>\nPlevra Hastal\u0131klar\u0131, A. K\u00fcr\u015fat Bozkurt, Ezel Er\u015fen, Ed: Prof. Dr. Birsen Mutlu<br \/>\n\u0130.\u00dc Cerrahp\u015fa T\u0131p Fak\u00fcltesi G\u00f6\u011f\u00fcs Hastal\u0131klar\u0131 ABD Kitap Dizisi-6, \u0130stanbul, 2006, 153-161<\/p>\n<p><b>Kesik Topallamas\u0131 Olan Hastalar\u0131n Tedavi Prensipleri<\/b><br \/>\nAteroskleroz: Koroner, Serebral, Periferik Arter Tutulumu, A. Kur\u015fat Bozkurt, Elmas Kanbur<br \/>\n\u0130stanbul \u00dcniveristesi Cerrahpa\u015fa T\u0131p Fak\u00fcltesi S\u00fcrekli T\u0131p Etkinlikleri Dizisi, No 52, Ekim 2006: S: 113-117<\/p>\n<p><b>Kronik Ven\u00f6z Yetersizli\u011fin Medikal Tedavisi<\/b><br \/>\nKronik Ven\u00f6z Yetersizlik, A. K\u00fcr\u015fat Bozkurt, Zeki Talas, Mine Y\u0131lmaz Demirba\u015f, Ed: Prof. Dr. A. K\u00fcr\u015fat Bozkurt, Prof. Dr. Mehmet Y\u0131ld\u0131r\u0131m.<br \/>\n\u0130.\u00dc. Cerrahpa\u015fa T\u0131p Fak\u00fcltesi S\u00fcrekli T\u0131p Etkinlikleri Sempozyum Dizisi No: 56, 2007, 81-97<\/p>\n<p><b>Varik\u00f6z Venlerin Endovask\u00fcler Tedavisi<\/b><br \/>\nKronik Ven\u00f6z Yetersizlik, A. K\u00fcr\u015fat Bozkurt, Ezel Er\u015fen, Elmas Kanbur, Ed: Prof. Dr. A. K\u00fcr\u015fat Bozkurt, Prof. Dr. Mehmet Y\u0131ld\u0131r\u0131m.<br \/>\n\u0130.\u00dc. Cerrahpa\u015fa T\u0131p Fak\u00fcltesi S\u00fcrekli T\u0131p Etkinlikleri Sempozyum Dizisi No: 56, 2007, 135-143<\/p>\n<p><b>Akci\u011fer Transplantasyonu<\/b><br \/>\nA. K\u00fcr\u015fat Bozkurt, Ezel Er\u015fen, Ed: Prof. Dr. Sema Umut<br \/>\n\u0130.\u00dc Cerrahp\u015fa T\u0131p Fak\u00fcltesi G\u00f6\u011f\u00fcs Hastal\u0131klar\u0131 ABD Kitap Dizisi<\/p>\n<p><b>Karotis Arterlerinde Vask\u00fclitik Tutulum, Karotis Arter Hastal\u0131klar\u0131<\/b><br \/>\nA. K\u00fcr\u015fat Bozkurt, Mine Y\u0131lmaz Demirba\u015f, Ed: Prof. Dr. Enver Day\u0131o\u011flu, Op. Dr. Yusuf Kalko<\/p>\n<p><b>Cerrahpa\u015fa T\u0131p Fak\u00fcltesi Ders Kitaplar\u0131 Dizisi, B\u00f6l\u00fcmler:<\/b><\/p>\n<p>\u2022 Ekstrakranial Serebral Damar Patolojilerinde Cerrahi Tedavi<br \/>\n\u2022 Vazospastik Damar Hastal\u0131klar\u0131, Kollajen Doku Hastaliklarinda Vask\u00fcler Tutulum<br \/>\n\u2022 Torasik Outlet Sendromu (Toraks \u00c7\u0131k\u0131m\u0131 Bas\u0131 Sendromu)<br \/>\n\u2022 Thromboangiitis Obliterans (Buerger Hastal\u0131\u011f\u0131)<br \/>\n\u2022 Ven\u00f6z Hastal\u0131klar<\/p>\n<p><b>T\u00fcrk Kalp ve Damar Cerrahisi Derne\u011fi Periferik Arter ve Ven Hastal\u0131klar\u0131 Tedavi K\u0131lavuzu<\/b><br \/>\nEd: Prof. Dr. A. K\u00fcr\u015fat Bozkurt<\/p>\n<p><b>Estes JM, Whittemore AD. \u00dcst ekstremitenin t\u0131kay\u0131c\u0131 hastal\u0131\u011f\u0131<\/b>.<br \/>\nIn: John L. Cameron. G\u00fcncel Cerrahi Tedavi. Avrupa T\u0131p Kitap\u00e7\u0131l\u0131k, Istanbul, 1. bas\u0131m, 788-792, 2001<\/p>\n<p><b>Sanchez LA. Periferik arterlerin t\u0131kay\u0131c\u0131c hastal\u0131klar\u0131nda endovask\u00fcler greft ile tedavi.<\/b><br \/>\nIn: John L. Cameron. G\u00fcncel Cerrahi Tedavi. Avrupa T\u0131p Kitap\u00e7\u0131l\u0131k, Istanbul, 1. bas\u0131m, 783-788, 2001<\/p>\n<p><b>S\u0131nger M, Webb AR. Acil T\u0131pta Algoritmalar<\/b>.<br \/>\nB\u00f6l\u00fcm 3: Kardiovask\u00fcler. Y\u00fcce Yay\u0131m, 2002, \u0130stanbul. Sayfa 26-51<\/p>\n<p><b>Schwartz SI. Cerrahi prensipleri el kitab\u0131.<\/b><br \/>\nNobel T\u0131p Kitaplar\u0131, Istanbul, 2002. B\u00f6l\u00fcm 17. Do\u011fumsal Kalp Hastal\u0131klar\u0131. Sayfa 463-492<\/p>\n<p><b>Schwartz SI. Cerrahi prensipleri el kitab\u0131.<\/b><br \/>\nNobel T\u0131p Kitaplar\u0131, Istanbul, 2002. B\u00f6l\u00fcm 18. Edinsel Kalp Hastal\u0131klar\u0131. Sayfa 493-506<\/p>\n<p><b>Schwartz SI. Cerrahi prensipleri el kitab\u0131.\u00a0<\/b><br \/>\nNobel T\u0131p Kitaplar\u0131, Istanbul, 2002. B\u00f6l\u00fcm 19. Toraks anevrizmalar\u0131 ve aort diseksiyonu. Sayfa 507-515.<\/p>\n<p><b>Cecil, Textbook of Medicine.<\/b><br \/>\nB\u00f6l\u00fcm 80. Kalp transplantasyonu, \u0130stanbul, 2006, 485-489<\/p>\n<p><b>Glyn G. Jamieson. Genel cerrahi operasyonlar\u0131n\u0131n anatomisi.<\/b><br \/>\nB\u00f6l\u00fcm 35. \u00dcst extremite arterlerine uygulanan operasyonlar: Kol arterlerinin anatomisi, 2007. Sayfa 177-179<\/p>\n<p><b>Cerrahi koroner revask\u00fclarizasyon komplikasyonlar\u0131. Crabtree TD, Moon MR.<\/b><br \/>\nIn: Mulholland MW, Doherty GM. Cerrahide Komplikasyonlar.<br \/>\n\u00c7eviri: A. K\u00fcr\u015fat Bozkurt, Ezel Er\u015fen. G\u00fcne\u015f T\u0131p Kitapevleri, 2007, 286-297<\/p>\n<p><b>Arter cerrahisinin komplikasyonlar\u0131. Upchurch GR, Eliason JL, Stanley JC.<\/b><br \/>\nIn: Mulholland MW, Doherty GM. Cerrahide Komplikasyonlar.<br \/>\n\u00c7eviri: A. K\u00fcr\u015fat Bozkurt, Ezel Er\u015fen. G\u00fcne\u015f T\u0131p Kitapevleri, 2007, 317-335<\/p>\n","protected":false},"excerpt":{"rendered":"<p>Mediasten T\u00fcm\u00f6rleri G\u00f6\u011f\u00fcs Kalp ve Damar Cerrahisi Ders Kitab\u0131, Prof. Dr. G\u00fcven Erdo\u011f, Op. Dr. A. K\u00fcrsat BOZKURT Cerrahpa\u015fa T\u0131p Fak\u00fcltesi Yay\u0131nevi, 1996, sayfa 58-64. Atrial Septal Defektler G\u00f6\u011f\u00fcs Kalp ve Damar Cerrahisi Ders Kitab\u0131, Prof. Dr Ayla G\u00fcrel Say\u0131n, Op. Dr. A. K\u00fcr\u015fat BOZKURT Cerrahpa\u015fa T\u0131p Fak\u00fcltesi Yay\u0131nevi, 1996, sayfa 77-80. Endokardiyal Yast\u0131k Defektleri [&hellip;]<\/p>\n","protected":false},"author":1,"featured_media":552,"parent":0,"menu_order":0,"comment_status":"closed","ping_status":"closed","template":"custom-page.php","meta":{"footnotes":""},"class_list":["post-504","page","type-page","status-publish","has-post-thumbnail","czr-hentry"],"yoast_head":"<!-- This site is optimized with the Yoast SEO plugin v27.3 - https:\/\/yoast.com\/product\/yoast-seo-wordpress\/ -->\n<title>National Book Publications - Prof. Dr. A. K\u00fcr\u015fat Bozkurt<\/title>\n<meta name=\"robots\" content=\"index, follow, max-snippet:-1, max-image-preview:large, max-video-preview:-1\" \/>\n<link rel=\"canonical\" href=\"https:\/\/kursatbozkurt.com\/en\/national-book-publications\/\" \/>\n<meta property=\"og:locale\" content=\"en_US\" \/>\n<meta property=\"og:type\" content=\"article\" \/>\n<meta property=\"og:title\" content=\"National Book Publications - Prof. Dr. A. K\u00fcr\u015fat Bozkurt\" \/>\n<meta property=\"og:description\" content=\"Mediasten T\u00fcm\u00f6rleri G\u00f6\u011f\u00fcs Kalp ve Damar Cerrahisi Ders Kitab\u0131, Prof. Dr. G\u00fcven Erdo\u011f, Op. Dr. A. K\u00fcrsat BOZKURT Cerrahpa\u015fa T\u0131p Fak\u00fcltesi Yay\u0131nevi, 1996, sayfa 58-64. Atrial Septal Defektler G\u00f6\u011f\u00fcs Kalp ve Damar Cerrahisi Ders Kitab\u0131, Prof. Dr Ayla G\u00fcrel Say\u0131n, Op. Dr. A. K\u00fcr\u015fat BOZKURT Cerrahpa\u015fa T\u0131p Fak\u00fcltesi Yay\u0131nevi, 1996, sayfa 77-80. Endokardiyal Yast\u0131k Defektleri [&hellip;]\" \/>\n<meta property=\"og:url\" content=\"https:\/\/kursatbozkurt.com\/en\/national-book-publications\/\" \/>\n<meta property=\"og:site_name\" content=\"Prof. Dr. A. K\u00fcr\u015fat Bozkurt\" \/>\n<meta property=\"article:modified_time\" content=\"2019-01-11T18:20:23+00:00\" \/>\n<meta property=\"og:image\" content=\"https:\/\/kursatbozkurt.com\/wp-content\/uploads\/2019\/01\/books20yeni1.jpg\" \/>\n\t<meta property=\"og:image:width\" content=\"700\" \/>\n\t<meta property=\"og:image:height\" content=\"463\" \/>\n\t<meta property=\"og:image:type\" content=\"image\/jpeg\" \/>\n<meta name=\"twitter:card\" content=\"summary_large_image\" \/>\n<meta name=\"twitter:label1\" content=\"Est. reading time\" \/>\n\t<meta name=\"twitter:data1\" content=\"5 minutes\" \/>\n<script type=\"application\/ld+json\" class=\"yoast-schema-graph\">{\"@context\":\"https:\\\/\\\/schema.org\",\"@graph\":[{\"@type\":\"WebPage\",\"@id\":\"https:\\\/\\\/kursatbozkurt.com\\\/en\\\/national-book-publications\\\/\",\"url\":\"https:\\\/\\\/kursatbozkurt.com\\\/en\\\/national-book-publications\\\/\",\"name\":\"National Book Publications - Prof. Dr. A. K\u00fcr\u015fat Bozkurt\",\"isPartOf\":{\"@id\":\"https:\\\/\\\/kursatbozkurt.com\\\/#website\"},\"primaryImageOfPage\":{\"@id\":\"https:\\\/\\\/kursatbozkurt.com\\\/en\\\/national-book-publications\\\/#primaryimage\"},\"image\":{\"@id\":\"https:\\\/\\\/kursatbozkurt.com\\\/en\\\/national-book-publications\\\/#primaryimage\"},\"thumbnailUrl\":\"https:\\\/\\\/kursatbozkurt.com\\\/wp-content\\\/uploads\\\/2019\\\/01\\\/books20yeni1.jpg\",\"datePublished\":\"2019-01-10T16:12:42+00:00\",\"dateModified\":\"2019-01-11T18:20:23+00:00\",\"breadcrumb\":{\"@id\":\"https:\\\/\\\/kursatbozkurt.com\\\/en\\\/national-book-publications\\\/#breadcrumb\"},\"inLanguage\":\"en-US\",\"potentialAction\":[{\"@type\":\"ReadAction\",\"target\":[\"https:\\\/\\\/kursatbozkurt.com\\\/en\\\/national-book-publications\\\/\"]}]},{\"@type\":\"ImageObject\",\"inLanguage\":\"en-US\",\"@id\":\"https:\\\/\\\/kursatbozkurt.com\\\/en\\\/national-book-publications\\\/#primaryimage\",\"url\":\"https:\\\/\\\/kursatbozkurt.com\\\/wp-content\\\/uploads\\\/2019\\\/01\\\/books20yeni1.jpg\",\"contentUrl\":\"https:\\\/\\\/kursatbozkurt.com\\\/wp-content\\\/uploads\\\/2019\\\/01\\\/books20yeni1.jpg\",\"width\":700,\"height\":463,\"caption\":\"stack of books on the dark wood background. toning. selective focus on the middle book\"},{\"@type\":\"BreadcrumbList\",\"@id\":\"https:\\\/\\\/kursatbozkurt.com\\\/en\\\/national-book-publications\\\/#breadcrumb\",\"itemListElement\":[{\"@type\":\"ListItem\",\"position\":1,\"name\":\"Ana sayfa\",\"item\":\"https:\\\/\\\/kursatbozkurt.com\\\/en\\\/\"},{\"@type\":\"ListItem\",\"position\":2,\"name\":\"National Book Publications\"}]},{\"@type\":\"WebSite\",\"@id\":\"https:\\\/\\\/kursatbozkurt.com\\\/#website\",\"url\":\"https:\\\/\\\/kursatbozkurt.com\\\/\",\"name\":\"Prof. Dr. A. K\u00fcr\u015fat Bozkurt\",\"description\":\"Cardiovascular Surgery\",\"publisher\":{\"@id\":\"https:\\\/\\\/kursatbozkurt.com\\\/#organization\"},\"potentialAction\":[{\"@type\":\"SearchAction\",\"target\":{\"@type\":\"EntryPoint\",\"urlTemplate\":\"https:\\\/\\\/kursatbozkurt.com\\\/?s={search_term_string}\"},\"query-input\":{\"@type\":\"PropertyValueSpecification\",\"valueRequired\":true,\"valueName\":\"search_term_string\"}}],\"inLanguage\":\"en-US\"},{\"@type\":\"Organization\",\"@id\":\"https:\\\/\\\/kursatbozkurt.com\\\/#organization\",\"name\":\"Prof. Dr. K\u00fcr\u015fat Bozkurt Varis Tedavisi, Varis ve Damar Hastal\u0131klar\u0131 Merkezi\",\"url\":\"https:\\\/\\\/kursatbozkurt.com\\\/\",\"logo\":{\"@type\":\"ImageObject\",\"inLanguage\":\"en-US\",\"@id\":\"https:\\\/\\\/kursatbozkurt.com\\\/#\\\/schema\\\/logo\\\/image\\\/\",\"url\":\"https:\\\/\\\/kursatbozkurt.com\\\/wp-content\\\/uploads\\\/2019\\\/01\\\/KursatBozkurt-Logo-1.png\",\"contentUrl\":\"https:\\\/\\\/kursatbozkurt.com\\\/wp-content\\\/uploads\\\/2019\\\/01\\\/KursatBozkurt-Logo-1.png\",\"width\":512,\"height\":42,\"caption\":\"Prof. Dr. K\u00fcr\u015fat Bozkurt Varis Tedavisi, Varis ve Damar Hastal\u0131klar\u0131 Merkezi\"},\"image\":{\"@id\":\"https:\\\/\\\/kursatbozkurt.com\\\/#\\\/schema\\\/logo\\\/image\\\/\"},\"sameAs\":[\"https:\\\/\\\/www.youtube.com\\\/channel\\\/UCYwF3M46qOUIRj2W2X-6DCA\"]}]}<\/script>\n<!-- \/ Yoast SEO plugin. -->","yoast_head_json":{"title":"National Book Publications - Prof. Dr. A. K\u00fcr\u015fat Bozkurt","robots":{"index":"index","follow":"follow","max-snippet":"max-snippet:-1","max-image-preview":"max-image-preview:large","max-video-preview":"max-video-preview:-1"},"canonical":"https:\/\/kursatbozkurt.com\/en\/national-book-publications\/","og_locale":"en_US","og_type":"article","og_title":"National Book Publications - Prof. Dr. A. K\u00fcr\u015fat Bozkurt","og_description":"Mediasten T\u00fcm\u00f6rleri G\u00f6\u011f\u00fcs Kalp ve Damar Cerrahisi Ders Kitab\u0131, Prof. Dr. G\u00fcven Erdo\u011f, Op. Dr. A. K\u00fcrsat BOZKURT Cerrahpa\u015fa T\u0131p Fak\u00fcltesi Yay\u0131nevi, 1996, sayfa 58-64. Atrial Septal Defektler G\u00f6\u011f\u00fcs Kalp ve Damar Cerrahisi Ders Kitab\u0131, Prof. Dr Ayla G\u00fcrel Say\u0131n, Op. Dr. A. K\u00fcr\u015fat BOZKURT Cerrahpa\u015fa T\u0131p Fak\u00fcltesi Yay\u0131nevi, 1996, sayfa 77-80. Endokardiyal Yast\u0131k Defektleri [&hellip;]","og_url":"https:\/\/kursatbozkurt.com\/en\/national-book-publications\/","og_site_name":"Prof. Dr. A. K\u00fcr\u015fat Bozkurt","article_modified_time":"2019-01-11T18:20:23+00:00","og_image":[{"width":700,"height":463,"url":"https:\/\/kursatbozkurt.com\/wp-content\/uploads\/2019\/01\/books20yeni1.jpg","type":"image\/jpeg"}],"twitter_card":"summary_large_image","twitter_misc":{"Est. reading time":"5 minutes"},"schema":{"@context":"https:\/\/schema.org","@graph":[{"@type":"WebPage","@id":"https:\/\/kursatbozkurt.com\/en\/national-book-publications\/","url":"https:\/\/kursatbozkurt.com\/en\/national-book-publications\/","name":"National Book Publications - Prof. Dr. A. K\u00fcr\u015fat Bozkurt","isPartOf":{"@id":"https:\/\/kursatbozkurt.com\/#website"},"primaryImageOfPage":{"@id":"https:\/\/kursatbozkurt.com\/en\/national-book-publications\/#primaryimage"},"image":{"@id":"https:\/\/kursatbozkurt.com\/en\/national-book-publications\/#primaryimage"},"thumbnailUrl":"https:\/\/kursatbozkurt.com\/wp-content\/uploads\/2019\/01\/books20yeni1.jpg","datePublished":"2019-01-10T16:12:42+00:00","dateModified":"2019-01-11T18:20:23+00:00","breadcrumb":{"@id":"https:\/\/kursatbozkurt.com\/en\/national-book-publications\/#breadcrumb"},"inLanguage":"en-US","potentialAction":[{"@type":"ReadAction","target":["https:\/\/kursatbozkurt.com\/en\/national-book-publications\/"]}]},{"@type":"ImageObject","inLanguage":"en-US","@id":"https:\/\/kursatbozkurt.com\/en\/national-book-publications\/#primaryimage","url":"https:\/\/kursatbozkurt.com\/wp-content\/uploads\/2019\/01\/books20yeni1.jpg","contentUrl":"https:\/\/kursatbozkurt.com\/wp-content\/uploads\/2019\/01\/books20yeni1.jpg","width":700,"height":463,"caption":"stack of books on the dark wood background. toning. selective focus on the middle book"},{"@type":"BreadcrumbList","@id":"https:\/\/kursatbozkurt.com\/en\/national-book-publications\/#breadcrumb","itemListElement":[{"@type":"ListItem","position":1,"name":"Ana sayfa","item":"https:\/\/kursatbozkurt.com\/en\/"},{"@type":"ListItem","position":2,"name":"National Book Publications"}]},{"@type":"WebSite","@id":"https:\/\/kursatbozkurt.com\/#website","url":"https:\/\/kursatbozkurt.com\/","name":"Prof. Dr. A. K\u00fcr\u015fat Bozkurt","description":"Cardiovascular Surgery","publisher":{"@id":"https:\/\/kursatbozkurt.com\/#organization"},"potentialAction":[{"@type":"SearchAction","target":{"@type":"EntryPoint","urlTemplate":"https:\/\/kursatbozkurt.com\/?s={search_term_string}"},"query-input":{"@type":"PropertyValueSpecification","valueRequired":true,"valueName":"search_term_string"}}],"inLanguage":"en-US"},{"@type":"Organization","@id":"https:\/\/kursatbozkurt.com\/#organization","name":"Prof. Dr. K\u00fcr\u015fat Bozkurt Varis Tedavisi, Varis ve Damar Hastal\u0131klar\u0131 Merkezi","url":"https:\/\/kursatbozkurt.com\/","logo":{"@type":"ImageObject","inLanguage":"en-US","@id":"https:\/\/kursatbozkurt.com\/#\/schema\/logo\/image\/","url":"https:\/\/kursatbozkurt.com\/wp-content\/uploads\/2019\/01\/KursatBozkurt-Logo-1.png","contentUrl":"https:\/\/kursatbozkurt.com\/wp-content\/uploads\/2019\/01\/KursatBozkurt-Logo-1.png","width":512,"height":42,"caption":"Prof. Dr. K\u00fcr\u015fat Bozkurt Varis Tedavisi, Varis ve Damar Hastal\u0131klar\u0131 Merkezi"},"image":{"@id":"https:\/\/kursatbozkurt.com\/#\/schema\/logo\/image\/"},"sameAs":["https:\/\/www.youtube.com\/channel\/UCYwF3M46qOUIRj2W2X-6DCA"]}]}},"_links":{"self":[{"href":"https:\/\/kursatbozkurt.com\/en\/wp-json\/wp\/v2\/pages\/504","targetHints":{"allow":["GET"]}}],"collection":[{"href":"https:\/\/kursatbozkurt.com\/en\/wp-json\/wp\/v2\/pages"}],"about":[{"href":"https:\/\/kursatbozkurt.com\/en\/wp-json\/wp\/v2\/types\/page"}],"author":[{"embeddable":true,"href":"https:\/\/kursatbozkurt.com\/en\/wp-json\/wp\/v2\/users\/1"}],"replies":[{"embeddable":true,"href":"https:\/\/kursatbozkurt.com\/en\/wp-json\/wp\/v2\/comments?post=504"}],"version-history":[{"count":1,"href":"https:\/\/kursatbozkurt.com\/en\/wp-json\/wp\/v2\/pages\/504\/revisions"}],"predecessor-version":[{"id":505,"href":"https:\/\/kursatbozkurt.com\/en\/wp-json\/wp\/v2\/pages\/504\/revisions\/505"}],"wp:featuredmedia":[{"embeddable":true,"href":"https:\/\/kursatbozkurt.com\/en\/wp-json\/wp\/v2\/media\/552"}],"wp:attachment":[{"href":"https:\/\/kursatbozkurt.com\/en\/wp-json\/wp\/v2\/media?parent=504"}],"curies":[{"name":"wp","href":"https:\/\/api.w.org\/{rel}","templated":true}]}}